{"id":2,"date":"2016-05-10T03:48:21","date_gmt":"2016-05-10T03:48:21","guid":{"rendered":"https:\/\/geldner-dental.de\/?page_id=2"},"modified":"2019-02-21T18:03:46","modified_gmt":"2019-02-21T18:03:46","slug":"home","status":"publish","type":"page","link":"https:\/\/geldner-dental.de\/","title":{"rendered":"Herzlich Willkommen bei uns!"},"content":{"rendered":"\n<p>In unserem Dentallabor fertigen wir f\u00fcr Sie Zahnersatz in \u00e4sthetischer Form, ansprechend und pr\u00e4zise! Unser Team von Profis setzt jeden Tag handwerkliche Leistung auf h\u00f6chstem Niveau f\u00fcr Sie ein. Auf unserer Seite m\u00f6chten wir Zahn\u00e4rzten und Patienten erste Informationen \u00fcber unser Labor geben. Sie soll informieren und aufzeigen, was f\u00fcr L\u00f6sungen wir f\u00fcr Sie anbieten k\u00f6nnen. F\u00fcr detaillierte Ausk\u00fcnfte stehen wir sehr gern zu Ihrer Verf\u00fcgung!<\/p>\n\n\n\n<div class=\"wp-block-media-text alignwide has-media-on-the-right\"><figure class=\"wp-block-media-text__media\"><img loading=\"lazy\" decoding=\"async\" width=\"1000\" height=\"667\" src=\"https:\/\/geldner-dental.de\/wp-content\/uploads\/2019\/02\/teamfoto.png\" alt=\"\" class=\"wp-image-13\" srcset=\"https:\/\/geldner-dental.de\/wp-content\/uploads\/2019\/02\/teamfoto.png 1000w, https:\/\/geldner-dental.de\/wp-content\/uploads\/2019\/02\/teamfoto-300x200.png 300w, https:\/\/geldner-dental.de\/wp-content\/uploads\/2019\/02\/teamfoto-768x512.png 768w\" sizes=\"(max-width: 1000px) 100vw, 1000px\" \/><\/figure><div class=\"wp-block-media-text__content\">\n<p class=\"has-drop-cap\">Die &#8222;Dentaltechnik Geldner und Partner GmbH&#8220; besteht seit dem 1. Mai 1991. Unsere qualifizierten Techniker arbeiten f\u00fcr einen Kundenstamm in Wurzen und Umgebung, Eilenburg und Leipzig. Dabei ist uns der st\u00e4ndige Kontakt zu unseren Praxen sehr wichtig. Die Vielzahl an Technologien und Werkstoffen er\u00f6ffnen Zahnarzt und Zahntechniker nahezu unbegrenzte restaurative und prothetische M\u00f6glichkeiten. Ganz gleich, welche Versorgungsart Sie und Ihre Patienten w\u00e4hlen &#8211; Qualit\u00e4t und Service sind bei uns oberstes Gebot. Gern w\u00fcrden wir auch Sie von unseren Leistungsangebot \u00fcberzeugen.<\/p>\n<\/div><\/div>\n\n\n\n<hr class=\"wp-block-separator\"\/>\n\n\n\n<h2 class=\"wp-block-heading\">Unsere wichtigsten Fertigungsverfahren in der \u00dcbersicht.<\/h2>\n\n\n\n<ul class=\"class=has-medium-font-size wp-block-list\"><li>Modellguss<\/li><li>Metallkeramik (hoch- und niedrigschmelzende Keramiken)<\/li><li>Presskeramik (IPS e.max)<\/li><li>Kunststoffprothetik<\/li><li>Inlays und Teilkronen (Gold, Keramik, Polyglas)<\/li><li>Zirkonoxid-Kronen und -Br\u00fccken (Ger\u00fcste werden in einem Fr\u00e4szentrum hergestellt)<\/li><li>Kombinationstechnik (Teleskope auch in EM-freier Legierung)<\/li><li>Okklusionsschienen aller Art<\/li><li>Lasertechnik<\/li><li>Suprakonstruktionen auf allen g\u00e4ngigen Systemen<\/li><li>schnelle und g\u00fcnstige Reparaturen<\/li><li>Galvano<\/li><\/ul>\n\n\n\n<hr class=\"wp-block-separator\"\/>\n\n\n\n<div class=\"wp-block-media-text alignwide\"><figure class=\"wp-block-media-text__media\"><img loading=\"lazy\" decoding=\"async\" width=\"1024\" height=\"683\" src=\"https:\/\/geldner-dental.de\/wp-content\/uploads\/2019\/02\/IMG_8591-1-1024x683-1024x683.png\" alt=\"\" class=\"wp-image-31\" srcset=\"https:\/\/geldner-dental.de\/wp-content\/uploads\/2019\/02\/IMG_8591-1-1024x683.png 1024w, https:\/\/geldner-dental.de\/wp-content\/uploads\/2019\/02\/IMG_8591-1-1024x683-300x200.png 300w, https:\/\/geldner-dental.de\/wp-content\/uploads\/2019\/02\/IMG_8591-1-1024x683-768x512.png 768w\" sizes=\"(max-width: 1024px) 100vw, 1024px\" \/><\/figure><div class=\"wp-block-media-text__content\">\n<p>Abholservice, Termintreue, P\u00fcnktlichkeit und ein faires Preis-Leistungsverh\u00e4ltnis sind f\u00fcr uns eine Selbstverst\u00e4ndlichkeit.<\/p>\n\n\n\n<p> <strong>Unser Schwerpunkt liegt auf der Herstellung <em>hochwertiger Implantat-Suprakonstruktionen.<\/em><\/strong> <\/p>\n\n\n\n<p>Immer nach den h\u00f6chsten Anspr\u00fcchen an Funktion und \u00c4sthetik, sind wir st\u00e4ndig dabei unser Leistungsprofil an moderne technische Anforderungen anzupassen.<\/p>\n\n\n\n<p>Wenn Sie mehr \u00fcber uns und unser Leistungsangebot erfahren m\u00f6chten, stehen wir Ihnen gern zur Verf\u00fcgung.<\/p>\n\n\n\n<p>Rufen Sie uns an unter: 03425 &#8211; 90 100 oder schreiben Sie uns an geldner-dental [at] gmx.de<\/p>\n<\/div><\/div>\n","protected":false},"excerpt":{"rendered":"<p>In unserem Dentallabor fertigen wir f\u00fcr Sie Zahnersatz in \u00e4sthetischer Form, ansprechend und pr\u00e4zise! Unser Team von Profis setzt jeden Tag handwerkliche Leistung auf h\u00f6chstem Niveau f\u00fcr Sie ein. Auf unserer Seite m\u00f6chten wir Zahn\u00e4rzten und Patienten erste Informationen \u00fcber unser Labor geben. Sie soll informieren und aufzeigen, was f\u00fcr&hellip; <\/p>\n","protected":false},"author":1,"featured_media":0,"parent":0,"menu_order":0,"comment_status":"closed","ping_status":"closed","template":"","meta":{"footnotes":""},"class_list":["post-2","page","type-page","status-publish","hentry"],"_links":{"self":[{"href":"https:\/\/geldner-dental.de\/index.php?rest_route=\/wp\/v2\/pages\/2"}],"collection":[{"href":"https:\/\/geldner-dental.de\/index.php?rest_route=\/wp\/v2\/pages"}],"about":[{"href":"https:\/\/geldner-dental.de\/index.php?rest_route=\/wp\/v2\/types\/page"}],"author":[{"embeddable":true,"href":"https:\/\/geldner-dental.de\/index.php?rest_route=\/wp\/v2\/users\/1"}],"replies":[{"embeddable":true,"href":"https:\/\/geldner-dental.de\/index.php?rest_route=%2Fwp%2Fv2%2Fcomments&post=2"}],"version-history":[{"count":24,"href":"https:\/\/geldner-dental.de\/index.php?rest_route=\/wp\/v2\/pages\/2\/revisions"}],"predecessor-version":[{"id":87,"href":"https:\/\/geldner-dental.de\/index.php?rest_route=\/wp\/v2\/pages\/2\/revisions\/87"}],"wp:attachment":[{"href":"https:\/\/geldner-dental.de\/index.php?rest_route=%2Fwp%2Fv2%2Fmedia&parent=2"}],"curies":[{"name":"wp","href":"https:\/\/api.w.org\/{rel}","templated":true}]}}